{"id":135,"date":"2021-01-13T17:43:39","date_gmt":"2021-01-13T17:43:39","guid":{"rendered":"https:\/\/www.4d-vorsorge.com\/?page_id=135"},"modified":"2021-01-14T09:38:32","modified_gmt":"2021-01-14T09:38:32","slug":"impressum","status":"publish","type":"page","link":"https:\/\/www.4d-vorsorge.com\/?page_id=135","title":{"rendered":"Impressum-Erstinformation"},"content":{"rendered":"<h4><strong>4D Vorsorge GmbH &amp; Co. KG<\/strong><\/h4>\n<div class=\"spaltelinks\">\n<p>Mutzenb\u00fchlstra\u00dfe 2-4<br \/>\n78054 Villingen-Schwenningen<\/p>\n<p>Telefon: +49 7720-941022<\/p>\n<p>E-Mai<span style=\"font-size: 1rem;\">l: <a href=\"mailto:info@4d-vorsorge.com\">info@4d-vorsorge.com<\/a><\/span><\/p>\n<p>Internet:\u00a0<a href=\"http:\/\/www.industriemakler.com\/\">www.4d-vorsorge.com<\/a><\/p>\n<p><strong style=\"font-size: 1rem;\">Kommanditgesellschaft:<\/strong><\/p>\n<\/div>\n<p>Amtsgericht Freiburg im Breisgau HRA 706635<\/p>\n<p><strong>Pers\u00f6nlich haftende Gesellschafterin:<\/strong><br \/>\n4D Verwaltungs GmbH<br \/>\nMutzenb\u00fchlstra\u00dfe 2-4<br \/>\n78054 Villingen-Schwenningen<br \/>\nAmtsgericht Freiburg im Breisgau HRB 722659<\/p>\n<p><strong>Gesch\u00e4ftsf\u00fchrer:<\/strong><br \/>\nSven Hoffmann, Joachim Schuster<\/p>\n<p><strong>Zust\u00e4ndige Aufsichtsbeh\u00f6rde:<\/strong><br \/>\nIHK Schwarzwald-Baar-Heuberg<br \/>\nR\u00f6m\u00e4usring 4<br \/>\n78050 Villingen-Schwenningen<\/p>\n<p><strong>Erstinformation nach \u00a7 15 Versicherungsvermittlungsverordnung<\/strong><\/p>\n<p>Wir sind bei der zust\u00e4ndigen Beh\u00f6rde gemeldet und im Vermittlerregister eingetragen als\u00a0<b>Versicherungsmakler mit einer Erlaubnis nach \u00a7 34 d Abs. 1 der Gewerbeordnung\u00a0<\/b>und der Registrierungsnummer <strong>D-NW66-4R7BK-41<\/strong><\/p>\n<p>Die Eintragung im Vermittlerregister kann wie folgt \u00fcberpr\u00fcft werden:<\/p>\n<p>Deutscher Industrie- und Handelskammertag (DIHK) e.V.<br \/>\nBreite Str. 29<br \/>\nD-10178 Berlin,<br \/>\nTel.: 0180 6 00 58 50<br \/>\n(Festnetz: 0,20 \u20ac \/ Anruf, Mobilfunk: max. 0,60 \u20ac \/ Anruf)<br \/>\n<a href=\"https:\/\/www.vermittlerregister.info\/\">www.vermittlerregister.info<\/a><\/p>\n<p>&nbsp;<\/p>\n<p>Als Versicherungsmakler bieten wir eine Beratung an. Die Verg\u00fctung \u2013 Courtage genannt \u2013 f\u00fcr unsere Beratungs-, Vermittlungs- und Betreuungst\u00e4tigkeit tr\u00e4gt gewohnheitsrechtlich das Versicherungsunternehmen. Die Courtage ist Bestandteil der Versicherungspr\u00e4mie. Hiervon Abweichendes muss ausdr\u00fccklich zwischen uns und dem Auftraggeber vereinbart werden. Insbesondere bei der Vermittlung von sogenannten Nettoprodukten wird in der Regel eine separate Verg\u00fctungsabrede vereinbart, die den Auftraggeber zur Zahlung der Verg\u00fctung verpflichtet. Nettoprodukte sind Produkte, bei denen die Vermittlungsverg\u00fctung nicht in der Versicherungspr\u00e4mie enthalten ist. Kunden, die nicht Verbraucher sind, k\u00f6nnen wir au\u00dferdem auf Honorarbasis beraten. Wir bieten zudem Beratungsleistungen im Bereich Vorsorge an, f\u00fcr die wir eine gesonderte Verg\u00fctung erhalten.<\/p>\n<p>Unser Unternehmen h\u00e4lt keine direkte oder indirekte Beteiligung von \u00fcber 10 % an den Stimmrechten oder am Kapital eines Versicherungsunternehmens. Ein Versicherungsunternehmen oder Mutterunternehmen eines Versicherungsunternehmens h\u00e4lt keine direkte oder indirekte Beteiligung von \u00fcber 10 % an den Stimmrechten oder am Kapital des Versicherungsmaklers \/ unseres Unternehmens.<\/p>\n<p>&nbsp;<\/p>\n<p><b>Information zu den Schlichtungsstellen gem\u00e4\u00df \u00a7 214 VVG und zur Teilnahme am Streitbeilegungsverfahren gem\u00e4\u00df \u00a7 36 Verbraucherstreitbeilegungsgesetz<br \/>\n<\/b>Zur au\u00dfergerichtlichen Streitbeilegung k\u00f6nnen untenstehende Schlichtungsstellen angerufen werden. Gem\u00e4\u00df \u00a7 17 Abs. 4 der Versicherungsvermittlungsverordnung sind wir verpflichtet, an Streitbeilegungsverfahren vor folgenden Verbraucherschlichtungsstellen teilzunehmen:<\/p>\n<p>Versicherungsombudsmann e.V.<br \/>\nPostfach 080 632<br \/>\nD-10006 Berlin<br \/>\nTel.: 01804 \u2013 22 44 24<br \/>\nFax: 01804-22 44 25<br \/>\nE-mail: beschwerde@versicherungsombudsmann.de<br \/>\n<a href=\"https:\/\/www.versicherungsombudsmann.de\/\">www.versicherungsombudsmann.de<\/a><\/p>\n<p>Ombudsmann f\u00fcr die private Kranken- und Pflegeversicherung<br \/>\nPostfach 06 02 22<br \/>\nD-10052 Berlin<br \/>\nTel.: 01802 \u2013 55 04 44<br \/>\nFax: 030-20 45 89 31<br \/>\n<a href=\"https:\/\/www.pkv-ombudsmann.de\/\">www.pkv-ombudsmann.de<\/a><\/p>\n<p>&nbsp;<\/p>\n<p><b>Online-Streitbeilegung gem\u00e4\u00df Art. 14 Abs. 1 Verordnung \u00fcber Online-Streitbeilegung in Verbraucherangelegenheiten (ODR-VO)<br \/>\n<\/b>Die Europ\u00e4ische Kommission stellt eine Plattform zur Online-Streitbeilegung (OS-Plattform) bereit, die Verbraucher unter\u00a0<a href=\"https:\/\/webgate.ec.europa.eu\/odr\/main\/\" target=\"_blank\" rel=\"noopener noreferrer\">webgate.ec.europa.eu\/odr\/main\/<\/a>\u00a0finden. Verbraucher haben die M\u00f6glichkeit, diese Plattform f\u00fcr au\u00dfergerichtliche Beilegung ihrer Streitigkeiten \u00fcber vertragliche Verpflichtungen zu nutzen.<\/p>\n<p>Die E-Mail-Adresse unseres Unternehmens lautet:\u00a0<a href=\"mailto:info@4d-vorsorge.com\">info@4d-vorsorge.com<\/a><\/p>\n<p class=\"bodytext\"><b>Beschwerdemanagement<br \/>\n<\/b>Bei Beschwerden \u00fcber unsere T\u00e4tigkeit wenden Sie sich gerne an unsere Beschwerdestelle:<br \/>\nE-Mail:\u00a0<a href=\"mailto:info@vorsorge.com\">info@4d-vorsorge.com<\/a><br \/>\nTelefon: 07720 \/ 94110<\/p>\n<p class=\"bodytext\"><b>Berufsrechtliche Regelungen:<br \/>\n<\/b>\u2013\u00a0\u00a7 34d Gewerbeordnung<br \/>\n\u2013\u00a0\u00a7\u00a7 59-68 VVG<br \/>\n\u2013\u00a0VersVermV<\/p>\n<p class=\"bodytext\">Die berufsrechtlichen Regelungen k\u00f6nnen \u00fcber die vom Bundesministerium der Justiz und von der juris GmbH betriebene Homepage\u00a0<a href=\"http:\/\/www.gesetze-im-internet.de\/\" target=\"_blank\" rel=\"noopener noreferrer\">www.gesetze-im-internet.de<\/a>\u00a0eingesehen und abgerufen werden.<\/p>\n","protected":false},"excerpt":{"rendered":"<p>4D Vorsorge GmbH &amp; Co. KG Mutzenb\u00fchlstra\u00dfe 2-4 78054 Villingen-Schwenningen Telefon: +49 7720-941022 E-Mail: info@4d-vorsorge.com Internet:\u00a0www.4d-vorsorge.com Kommanditgesellschaft: Amtsgericht Freiburg im Breisgau HRA 706635 Pers\u00f6nlich haftende Gesellschafterin: 4D Verwaltungs GmbH Mutzenb\u00fchlstra\u00dfe 2-4 78054 Villingen-Schwenningen Amtsgericht Freiburg im Breisgau HRB 722659 Gesch\u00e4ftsf\u00fchrer: Sven Hoffmann, Joachim Schuster Zust\u00e4ndige Aufsichtsbeh\u00f6rde: IHK Schwarzwald-Baar-Heuberg R\u00f6m\u00e4usring 4 78050 Villingen-Schwenningen Erstinformation nach \u00a7 &hellip; <\/p>\n<p class=\"link-more\"><a href=\"https:\/\/www.4d-vorsorge.com\/?page_id=135\" class=\"more-link\"><span class=\"screen-reader-text\">\u201eImpressum-Erstinformation\u201c<\/span> weiterlesen<\/a><\/p>\n","protected":false},"author":1,"featured_media":0,"parent":0,"menu_order":0,"comment_status":"closed","ping_status":"closed","template":"","meta":[],"_links":{"self":[{"href":"https:\/\/www.4d-vorsorge.com\/index.php?rest_route=\/wp\/v2\/pages\/135"}],"collection":[{"href":"https:\/\/www.4d-vorsorge.com\/index.php?rest_route=\/wp\/v2\/pages"}],"about":[{"href":"https:\/\/www.4d-vorsorge.com\/index.php?rest_route=\/wp\/v2\/types\/page"}],"author":[{"embeddable":true,"href":"https:\/\/www.4d-vorsorge.com\/index.php?rest_route=\/wp\/v2\/users\/1"}],"replies":[{"embeddable":true,"href":"https:\/\/www.4d-vorsorge.com\/index.php?rest_route=%2Fwp%2Fv2%2Fcomments&post=135"}],"version-history":[{"count":5,"href":"https:\/\/www.4d-vorsorge.com\/index.php?rest_route=\/wp\/v2\/pages\/135\/revisions"}],"predecessor-version":[{"id":215,"href":"https:\/\/www.4d-vorsorge.com\/index.php?rest_route=\/wp\/v2\/pages\/135\/revisions\/215"}],"wp:attachment":[{"href":"https:\/\/www.4d-vorsorge.com\/index.php?rest_route=%2Fwp%2Fv2%2Fmedia&parent=135"}],"curies":[{"name":"wp","href":"https:\/\/api.w.org\/{rel}","templated":true}]}}