{"id":79,"date":"2021-01-13T15:40:15","date_gmt":"2021-01-13T15:40:15","guid":{"rendered":"https:\/\/www.4d-vorsorge.com\/?page_id=79"},"modified":"2021-01-14T09:48:45","modified_gmt":"2021-01-14T09:48:45","slug":"ueber-uns","status":"publish","type":"page","link":"https:\/\/www.4d-vorsorge.com\/?page_id=79","title":{"rendered":"\u00dcber uns"},"content":{"rendered":"\r\n<h1><b>Wer steckt hinter 4D Vorsorge ?<\/b><\/h1>\r\n<p><strong>Sven Hoffmann und Joachim Schuster<\/strong><\/p>\r\n<p>Seit \u00fcber 30 Jahren sind wir leidenschaftliche Berater und haben bereits viele Versorgungswerke von Firmen saniert, installiert und tausende von Mitarbeiterberatungen erfolgreich durchgef\u00fchrt.<\/p>\r\n<p><strong>Sven Hoffmann\u00a0<\/strong>betreibt seit Jahrzehnten erfolgreich die Maklerfirma <a href=\"http:\/\/industriemakler.com\">Hoffmann Industrieversicherungsmakler GmbH &amp; Co. KG <\/a>. Unter anderem spezialisierte sich der Vision\u00e4r auf die prozessorientierte Digitalisierung und Automatisierung der betrieblichen Altersversorgung sowie der Absicherung von biometrischer Risiken innerhalb einer Belegschaft.<\/p>\r\n<p><strong>Joachim Schuster<\/strong> war 34 Jahre bei einem inhabergef\u00fchrten Industriemakler Leiter des Firmen- und Industrievorsorgebereichs f\u00fcr betriebliche- und private Vorsorge. Zu seinem T\u00e4tigkeitsgebiet z\u00e4hlten des weiteren die Absicherung biometrischer Risiken sowie die gewissenhafte Beratung und Betreuung von Firmeninhabern, Vorst\u00e4nden und Mitgliedern des Top-Managements.<\/p>\r\n<p>&nbsp;<\/p>\r\n","protected":false},"excerpt":{"rendered":"<p>Wer steckt hinter 4D Vorsorge ? Sven Hoffmann und Joachim Schuster Seit \u00fcber 30 Jahren sind wir leidenschaftliche Berater und haben bereits viele Versorgungswerke von Firmen saniert, installiert und tausende von Mitarbeiterberatungen erfolgreich durchgef\u00fchrt. Sven Hoffmann\u00a0betreibt seit Jahrzehnten erfolgreich die Maklerfirma Hoffmann Industrieversicherungsmakler GmbH &amp; Co. KG . Unter anderem spezialisierte sich der Vision\u00e4r auf &hellip; <\/p>\n<p class=\"link-more\"><a href=\"https:\/\/www.4d-vorsorge.com\/?page_id=79\" class=\"more-link\"><span class=\"screen-reader-text\">\u201e\u00dcber uns\u201c<\/span> weiterlesen<\/a><\/p>\n","protected":false},"author":1,"featured_media":0,"parent":0,"menu_order":0,"comment_status":"closed","ping_status":"closed","template":"","meta":[],"_links":{"self":[{"href":"https:\/\/www.4d-vorsorge.com\/index.php?rest_route=\/wp\/v2\/pages\/79"}],"collection":[{"href":"https:\/\/www.4d-vorsorge.com\/index.php?rest_route=\/wp\/v2\/pages"}],"about":[{"href":"https:\/\/www.4d-vorsorge.com\/index.php?rest_route=\/wp\/v2\/types\/page"}],"author":[{"embeddable":true,"href":"https:\/\/www.4d-vorsorge.com\/index.php?rest_route=\/wp\/v2\/users\/1"}],"replies":[{"embeddable":true,"href":"https:\/\/www.4d-vorsorge.com\/index.php?rest_route=%2Fwp%2Fv2%2Fcomments&post=79"}],"version-history":[{"count":17,"href":"https:\/\/www.4d-vorsorge.com\/index.php?rest_route=\/wp\/v2\/pages\/79\/revisions"}],"predecessor-version":[{"id":235,"href":"https:\/\/www.4d-vorsorge.com\/index.php?rest_route=\/wp\/v2\/pages\/79\/revisions\/235"}],"wp:attachment":[{"href":"https:\/\/www.4d-vorsorge.com\/index.php?rest_route=%2Fwp%2Fv2%2Fmedia&parent=79"}],"curies":[{"name":"wp","href":"https:\/\/api.w.org\/{rel}","templated":true}]}}