{"id":90,"date":"2021-01-13T15:40:16","date_gmt":"2021-01-13T15:40:16","guid":{"rendered":"https:\/\/www.4d-vorsorge.com\/?page_id=90"},"modified":"2021-01-14T09:36:29","modified_gmt":"2021-01-14T09:36:29","slug":"ziele","status":"publish","type":"page","link":"https:\/\/www.4d-vorsorge.com\/?page_id=90","title":{"rendered":"Ziele"},"content":{"rendered":"<h1><strong>Das Ziel der 4D Vorsorge<\/strong><\/h1>\n<p>Mitarbeiterberatungen in der betrieblichen Vorsorge, mittels Einsatz von individuell programmierten <strong>Chat-Bots<\/strong> und <strong>Avataren<\/strong>, zu vereinfachen und zu standardisieren.<\/p>\n<p>Sie und Ihre Mitarbeiter profitieren bei diesem Prozess von der einheitlichen Beratungs- und Dokumentationssicherheit sowie von Einsparungen bei den Beratungsabl\u00e4ufen. Zeitaufw\u00e4ndige Beratungen w\u00e4hrend der Arbeitszeit, das Organisieren von R\u00e4umlichkeiten und Einteilen von Mitarbeitergruppen entfallen einfach.<\/p>\n<h3 style=\"text-align: right;\"><em><strong>\u00a0 \u00a0 \u00a0 \u00a0 \u00a0 \u00a0 \u00a0 \u00a0 &#8222;Ihr Mitarbeiter g\u00f6nnt sich seine <\/strong><\/em><em><strong>Beratung wann und wo er m\u00f6chte.&#8220;<\/strong><\/em><\/h3>\n<p>&nbsp;<\/p>\n<p>Komplettiert wird das Ganze durch unser cloudbasiertes, IT-gesteuertes Verwaltungsprogramm, das es Ihnen erm\u00f6glicht, per e-sign Verfahren Unterschriften zu leisten, \u00c4nderungen online zu melden und damit einfach und schnell vertragsabschlie\u00dfend zu bearbeiten.<\/p>\n<p>Und sollten Sie oder ein Mitarbeiter dennoch einmal eine<strong> pers\u00f6nliche- oder telefonische Beratung<\/strong> ben\u00f6tigen, dann steht Ihnen unser erfahrenes Team im Vorsorge-Beratungscenter gerne zur Verf\u00fcgung.<\/p>\n","protected":false},"excerpt":{"rendered":"<p>Das Ziel der 4D Vorsorge Mitarbeiterberatungen in der betrieblichen Vorsorge, mittels Einsatz von individuell programmierten Chat-Bots und Avataren, zu vereinfachen und zu standardisieren. Sie und Ihre Mitarbeiter profitieren bei diesem Prozess von der einheitlichen Beratungs- und Dokumentationssicherheit sowie von Einsparungen bei den Beratungsabl\u00e4ufen. Zeitaufw\u00e4ndige Beratungen w\u00e4hrend der Arbeitszeit, das Organisieren von R\u00e4umlichkeiten und Einteilen von &hellip; <\/p>\n<p class=\"link-more\"><a href=\"https:\/\/www.4d-vorsorge.com\/?page_id=90\" class=\"more-link\"><span class=\"screen-reader-text\">\u201eZiele\u201c<\/span> weiterlesen<\/a><\/p>\n","protected":false},"author":1,"featured_media":0,"parent":0,"menu_order":0,"comment_status":"closed","ping_status":"closed","template":"","meta":[],"_links":{"self":[{"href":"https:\/\/www.4d-vorsorge.com\/index.php?rest_route=\/wp\/v2\/pages\/90"}],"collection":[{"href":"https:\/\/www.4d-vorsorge.com\/index.php?rest_route=\/wp\/v2\/pages"}],"about":[{"href":"https:\/\/www.4d-vorsorge.com\/index.php?rest_route=\/wp\/v2\/types\/page"}],"author":[{"embeddable":true,"href":"https:\/\/www.4d-vorsorge.com\/index.php?rest_route=\/wp\/v2\/users\/1"}],"replies":[{"embeddable":true,"href":"https:\/\/www.4d-vorsorge.com\/index.php?rest_route=%2Fwp%2Fv2%2Fcomments&post=90"}],"version-history":[{"count":24,"href":"https:\/\/www.4d-vorsorge.com\/index.php?rest_route=\/wp\/v2\/pages\/90\/revisions"}],"predecessor-version":[{"id":233,"href":"https:\/\/www.4d-vorsorge.com\/index.php?rest_route=\/wp\/v2\/pages\/90\/revisions\/233"}],"wp:attachment":[{"href":"https:\/\/www.4d-vorsorge.com\/index.php?rest_route=%2Fwp%2Fv2%2Fmedia&parent=90"}],"curies":[{"name":"wp","href":"https:\/\/api.w.org\/{rel}","templated":true}]}}